{"id":1928,"date":"2020-02-16T23:55:27","date_gmt":"2020-02-16T23:55:27","guid":{"rendered":"https:\/\/ultragreenpackaging.com\/product\/import-placeholder-for-1064\/"},"modified":"2026-03-21T16:57:52","modified_gmt":"2026-03-21T21:57:52","slug":"xl-sushi-tray-lid","status":"publish","type":"product","link":"https:\/\/ultragreenpackaging.com\/es\/producto\/xl-sushi-tray-lid\/","title":{"rendered":"Clear Recycled PET Lid for XL Sushi Tray"},"content":{"rendered":"<p>Cantidad: 400 por caja.<\/p>\n<p>Las bandejas para sushi TreeSaver\u2122 ofrecen a los clientes una soluci\u00f3n fuerte y resistente para sus ventas de sushi. Los aceites y l\u00edquidos no empapar\u00e1n la bandeja. Ideales para presentaci\u00f3n y tan funcionales como las bandejas de pl\u00e1stico. Fabricadas con recursos naturales 100% renovables para garantizar que son tan buenas para el medio ambiente como para su negocio.<\/p>\n<ul>\n<li>Biodegradable y sostenible. La bandeja se compostar\u00e1 en un compostador comercial en 60-90 d\u00edas.<\/li>\n<li>Las bandejas de fibra est\u00e1ndar absorben la humedad del sushi \/ el laminado PLA evita que el sushi se seque.<\/li>\n<li>Apto para microondas y congelador.<\/li>\n<li>Las tapas transparentes de PET son 100% reciclables.<\/li>\n<\/ul>","protected":false},"excerpt":{"rendered":"<p>TreeSaver\u2122 Sushi Trays and Lids<\/p>","protected":false},"featured_media":910,"comment_status":"closed","ping_status":"closed","template":"","meta":{"_et_pb_use_builder":"","_et_pb_old_content":"","_et_gb_content_width":""},"product_brand":[],"product_cat":[89],"product_tag":[90],"class_list":{"0":"post-1928","1":"product","2":"type-product","3":"status-publish","4":"has-post-thumbnail","6":"product_cat-sushi-trays-and-lids","7":"product_tag-sushi-tray-lids","9":"first","10":"instock","11":"shipping-taxable","12":"purchasable","13":"product-type-simple"},"yoast_head":"<!-- This site is optimized with the Yoast SEO plugin v27.3 - https:\/\/yoast.com\/product\/yoast-seo-wordpress\/ -->\n<title>Clear Recycled PET Lid for XL Sushi Tray - UltraGreen Sustainable Packaging &amp; Products<\/title>\n<meta name=\"description\" content=\"TreeSaver\u2122 Sushi Trays are strong, oils and liquids won&#039;t soak through and compost in 60-90 days. As good for the environment as they are for business.\" \/>\n<meta name=\"robots\" content=\"index, follow, max-snippet:-1, max-image-preview:large, max-video-preview:-1\" \/>\n<link rel=\"canonical\" href=\"https:\/\/ultragreenpackaging.com\/es\/producto\/xl-sushi-tray-lid\/\" \/>\n<meta property=\"og:locale\" content=\"es_ES\" \/>\n<meta property=\"og:type\" content=\"article\" \/>\n<meta property=\"og:title\" content=\"Clear Recycled PET Lid for XL Sushi Tray - UltraGreen Sustainable Packaging &amp; Products\" \/>\n<meta property=\"og:description\" content=\"TreeSaver\u2122 Sushi Trays are strong, oils and liquids won&#039;t soak through and compost in 60-90 days. As good for the environment as they are for business.\" \/>\n<meta property=\"og:url\" content=\"https:\/\/ultragreenpackaging.com\/es\/producto\/xl-sushi-tray-lid\/\" \/>\n<meta property=\"og:site_name\" content=\"UltraGreen Sustainable Packaging &amp; Products\" \/>\n<meta property=\"article:modified_time\" content=\"2026-03-21T21:57:52+00:00\" \/>\n<meta property=\"og:image\" content=\"https:\/\/ultragreenpackaging.com\/wp-content\/uploads\/2015\/03\/TS_08SushitrayLid.jpg\" \/>\n\t<meta property=\"og:image:width\" content=\"600\" \/>\n\t<meta property=\"og:image:height\" content=\"360\" \/>\n\t<meta property=\"og:image:type\" content=\"image\/jpeg\" \/>\n<script type=\"application\/ld+json\" class=\"yoast-schema-graph\">{\"@context\":\"https:\\\/\\\/schema.org\",\"@graph\":[{\"@type\":\"WebPage\",\"@id\":\"https:\\\/\\\/ultragreenpackaging.com\\\/product\\\/xl-sushi-tray-lid\\\/\",\"url\":\"https:\\\/\\\/ultragreenpackaging.com\\\/product\\\/xl-sushi-tray-lid\\\/\",\"name\":\"Clear Recycled PET Lid for XL Sushi Tray - UltraGreen Sustainable Packaging &amp; Products\",\"isPartOf\":{\"@id\":\"https:\\\/\\\/ultragreenpackaging.com\\\/#website\"},\"primaryImageOfPage\":{\"@id\":\"https:\\\/\\\/ultragreenpackaging.com\\\/product\\\/xl-sushi-tray-lid\\\/#primaryimage\"},\"image\":{\"@id\":\"https:\\\/\\\/ultragreenpackaging.com\\\/product\\\/xl-sushi-tray-lid\\\/#primaryimage\"},\"thumbnailUrl\":\"https:\\\/\\\/i0.wp.com\\\/ultragreenpackaging.com\\\/wp-content\\\/uploads\\\/2015\\\/03\\\/TS_08SushitrayLid.jpg?fit=600%2C360&ssl=1\",\"datePublished\":\"2020-02-16T23:55:27+00:00\",\"dateModified\":\"2026-03-21T21:57:52+00:00\",\"description\":\"TreeSaver\u2122 Sushi Trays are strong, oils and liquids won't soak through and compost in 60-90 days. As good for the environment as they are for business.\",\"breadcrumb\":{\"@id\":\"https:\\\/\\\/ultragreenpackaging.com\\\/product\\\/xl-sushi-tray-lid\\\/#breadcrumb\"},\"inLanguage\":\"es\",\"potentialAction\":[{\"@type\":\"ReadAction\",\"target\":[\"https:\\\/\\\/ultragreenpackaging.com\\\/product\\\/xl-sushi-tray-lid\\\/\"]}]},{\"@type\":\"ImageObject\",\"inLanguage\":\"es\",\"@id\":\"https:\\\/\\\/ultragreenpackaging.com\\\/product\\\/xl-sushi-tray-lid\\\/#primaryimage\",\"url\":\"https:\\\/\\\/i0.wp.com\\\/ultragreenpackaging.com\\\/wp-content\\\/uploads\\\/2015\\\/03\\\/TS_08SushitrayLid.jpg?fit=600%2C360&ssl=1\",\"contentUrl\":\"https:\\\/\\\/i0.wp.com\\\/ultragreenpackaging.com\\\/wp-content\\\/uploads\\\/2015\\\/03\\\/TS_08SushitrayLid.jpg?fit=600%2C360&ssl=1\",\"width\":600,\"height\":360},{\"@type\":\"BreadcrumbList\",\"@id\":\"https:\\\/\\\/ultragreenpackaging.com\\\/product\\\/xl-sushi-tray-lid\\\/#breadcrumb\",\"itemListElement\":[{\"@type\":\"ListItem\",\"position\":1,\"name\":\"Home\",\"item\":\"https:\\\/\\\/ultragreenpackaging.com\\\/\"},{\"@type\":\"ListItem\",\"position\":2,\"name\":\"Shop\",\"item\":\"https:\\\/\\\/ultragreenpackaging.com\\\/shop\\\/\"},{\"@type\":\"ListItem\",\"position\":3,\"name\":\"Clear Recycled PET Lid for XL Sushi Tray\"}]},{\"@type\":\"WebSite\",\"@id\":\"https:\\\/\\\/ultragreenpackaging.com\\\/#website\",\"url\":\"https:\\\/\\\/ultragreenpackaging.com\\\/\",\"name\":\"UltraGreen Sustainable Packaging &amp; Products\",\"description\":\"\",\"potentialAction\":[{\"@type\":\"SearchAction\",\"target\":{\"@type\":\"EntryPoint\",\"urlTemplate\":\"https:\\\/\\\/ultragreenpackaging.com\\\/?s={search_term_string}\"},\"query-input\":{\"@type\":\"PropertyValueSpecification\",\"valueRequired\":true,\"valueName\":\"search_term_string\"}}],\"inLanguage\":\"es\"}]}<\/script>\n<!-- \/ Yoast SEO plugin. -->","yoast_head_json":{"title":"Clear Recycled PET Lid for XL Sushi Tray - UltraGreen Sustainable Packaging &amp; Products","description":"TreeSaver\u2122 Sushi Trays are strong, oils and liquids won't soak through and compost in 60-90 days. As good for the environment as they are for business.","robots":{"index":"index","follow":"follow","max-snippet":"max-snippet:-1","max-image-preview":"max-image-preview:large","max-video-preview":"max-video-preview:-1"},"canonical":"https:\/\/ultragreenpackaging.com\/es\/producto\/xl-sushi-tray-lid\/","og_locale":"es_ES","og_type":"article","og_title":"Clear Recycled PET Lid for XL Sushi Tray - UltraGreen Sustainable Packaging &amp; Products","og_description":"TreeSaver\u2122 Sushi Trays are strong, oils and liquids won't soak through and compost in 60-90 days. As good for the environment as they are for business.","og_url":"https:\/\/ultragreenpackaging.com\/es\/producto\/xl-sushi-tray-lid\/","og_site_name":"UltraGreen Sustainable Packaging &amp; Products","article_modified_time":"2026-03-21T21:57:52+00:00","og_image":[{"width":600,"height":360,"url":"https:\/\/ultragreenpackaging.com\/wp-content\/uploads\/2015\/03\/TS_08SushitrayLid.jpg","type":"image\/jpeg"}],"schema":{"@context":"https:\/\/schema.org","@graph":[{"@type":"WebPage","@id":"https:\/\/ultragreenpackaging.com\/product\/xl-sushi-tray-lid\/","url":"https:\/\/ultragreenpackaging.com\/product\/xl-sushi-tray-lid\/","name":"Clear Recycled PET Lid for XL Sushi Tray - UltraGreen Sustainable Packaging &amp; Products","isPartOf":{"@id":"https:\/\/ultragreenpackaging.com\/#website"},"primaryImageOfPage":{"@id":"https:\/\/ultragreenpackaging.com\/product\/xl-sushi-tray-lid\/#primaryimage"},"image":{"@id":"https:\/\/ultragreenpackaging.com\/product\/xl-sushi-tray-lid\/#primaryimage"},"thumbnailUrl":"https:\/\/i0.wp.com\/ultragreenpackaging.com\/wp-content\/uploads\/2015\/03\/TS_08SushitrayLid.jpg?fit=600%2C360&ssl=1","datePublished":"2020-02-16T23:55:27+00:00","dateModified":"2026-03-21T21:57:52+00:00","description":"TreeSaver\u2122 Sushi Trays are strong, oils and liquids won't soak through and compost in 60-90 days. As good for the environment as they are for business.","breadcrumb":{"@id":"https:\/\/ultragreenpackaging.com\/product\/xl-sushi-tray-lid\/#breadcrumb"},"inLanguage":"es","potentialAction":[{"@type":"ReadAction","target":["https:\/\/ultragreenpackaging.com\/product\/xl-sushi-tray-lid\/"]}]},{"@type":"ImageObject","inLanguage":"es","@id":"https:\/\/ultragreenpackaging.com\/product\/xl-sushi-tray-lid\/#primaryimage","url":"https:\/\/i0.wp.com\/ultragreenpackaging.com\/wp-content\/uploads\/2015\/03\/TS_08SushitrayLid.jpg?fit=600%2C360&ssl=1","contentUrl":"https:\/\/i0.wp.com\/ultragreenpackaging.com\/wp-content\/uploads\/2015\/03\/TS_08SushitrayLid.jpg?fit=600%2C360&ssl=1","width":600,"height":360},{"@type":"BreadcrumbList","@id":"https:\/\/ultragreenpackaging.com\/product\/xl-sushi-tray-lid\/#breadcrumb","itemListElement":[{"@type":"ListItem","position":1,"name":"Home","item":"https:\/\/ultragreenpackaging.com\/"},{"@type":"ListItem","position":2,"name":"Shop","item":"https:\/\/ultragreenpackaging.com\/shop\/"},{"@type":"ListItem","position":3,"name":"Clear Recycled PET Lid for XL Sushi Tray"}]},{"@type":"WebSite","@id":"https:\/\/ultragreenpackaging.com\/#website","url":"https:\/\/ultragreenpackaging.com\/","name":"UltraGreen Sustainable Packaging &amp; Products","description":"","potentialAction":[{"@type":"SearchAction","target":{"@type":"EntryPoint","urlTemplate":"https:\/\/ultragreenpackaging.com\/?s={search_term_string}"},"query-input":{"@type":"PropertyValueSpecification","valueRequired":true,"valueName":"search_term_string"}}],"inLanguage":"es"}]}},"jetpack_sharing_enabled":true,"_links":{"self":[{"href":"https:\/\/ultragreenpackaging.com\/es\/wp-json\/wp\/v2\/product\/1928","targetHints":{"allow":["GET"]}}],"collection":[{"href":"https:\/\/ultragreenpackaging.com\/es\/wp-json\/wp\/v2\/product"}],"about":[{"href":"https:\/\/ultragreenpackaging.com\/es\/wp-json\/wp\/v2\/types\/product"}],"replies":[{"embeddable":true,"href":"https:\/\/ultragreenpackaging.com\/es\/wp-json\/wp\/v2\/comments?post=1928"}],"wp:featuredmedia":[{"embeddable":true,"href":"https:\/\/ultragreenpackaging.com\/es\/wp-json\/wp\/v2\/media\/910"}],"wp:attachment":[{"href":"https:\/\/ultragreenpackaging.com\/es\/wp-json\/wp\/v2\/media?parent=1928"}],"wp:term":[{"taxonomy":"product_brand","embeddable":true,"href":"https:\/\/ultragreenpackaging.com\/es\/wp-json\/wp\/v2\/product_brand?post=1928"},{"taxonomy":"product_cat","embeddable":true,"href":"https:\/\/ultragreenpackaging.com\/es\/wp-json\/wp\/v2\/product_cat?post=1928"},{"taxonomy":"product_tag","embeddable":true,"href":"https:\/\/ultragreenpackaging.com\/es\/wp-json\/wp\/v2\/product_tag?post=1928"}],"curies":[{"name":"wp","href":"https:\/\/api.w.org\/{rel}","templated":true}]}}