{"id":1903,"date":"2020-02-16T23:55:20","date_gmt":"2020-02-16T23:55:20","guid":{"rendered":"https:\/\/ultragreenpackaging.com\/product\/import-placeholder-for-1039\/"},"modified":"2026-03-21T16:57:49","modified_gmt":"2026-03-21T21:57:49","slug":"24-oz-treesaver-oval","status":"publish","type":"product","link":"https:\/\/ultragreenpackaging.com\/es\/producto\/24-oz-treesaver-oval\/","title":{"rendered":"24 oz TreeSaver\u2122 Oval Bowls"},"content":{"rendered":"<p>Cantidad: 300 por caja.<\/p>\n<p>Desde la charcuter\u00eda hasta la mesa, los platos, cuencos, bandejas y tapas TreeSaver\u2122 ofrecen a los clientes una soluci\u00f3n fuerte y resistente para todas sus necesidades culinarias. Ideales para pasta, sopa, ensaladas y mucho m\u00e1s. Ideales para entradas fr\u00edas y calientes, para comer en casa o para llevar. Apto para microondas y horno.<\/p>\n<ul>\n<li>Los aceites y l\u00edquidos no se filtran.<\/li>\n<li>Fabricados con recursos naturales 100% renovables para garantizar que son tan buenos para el medio ambiente como para su empresa.<\/li>\n<li>Disponible en varios tama\u00f1os.<\/li>\n<li>Biodegradable y sostenible. La bandeja se compostar\u00e1 en un compostador comercial en 60-90 d\u00edas.<\/li>\n<li>Las bandejas de fibra est\u00e1ndar absorben la humedad del sushi \/ el laminado PLA evita que el sushi se seque.<\/li>\n<li>Apto para microondas y congelador.<\/li>\n<li>Las tapas transparentes de PET son 100% reciclables.<\/li>\n<\/ul>","protected":false},"excerpt":{"rendered":"<p>TreeSaver\u2122 Bowls<\/p>","protected":false},"featured_media":857,"comment_status":"closed","ping_status":"closed","template":"","meta":{"_et_pb_use_builder":"","_et_pb_old_content":"","_et_gb_content_width":""},"product_brand":[],"product_cat":[81],"product_tag":[82],"class_list":{"0":"post-1903","1":"product","2":"type-product","3":"status-publish","4":"has-post-thumbnail","6":"product_cat-bowls-and-lids","7":"product_tag-bowls","9":"first","10":"instock","11":"shipping-taxable","12":"purchasable","13":"product-type-simple"},"yoast_head":"<!-- This site is optimized with the Yoast SEO plugin v27.1.1 - https:\/\/yoast.com\/product\/yoast-seo-wordpress\/ -->\n<title>24 oz TreeSaver\u2122 Oval Bowls - UltraGreen Sustainable Packaging &amp; Products<\/title>\n<meta name=\"description\" content=\"TreeSaver\u2122 bowls are great for pasta, soups &amp; salads. They&#039;re sturdy, compost in 60-90 days, and are priced similarly to non-renewable containers.\" \/>\n<meta name=\"robots\" content=\"index, follow, max-snippet:-1, max-image-preview:large, max-video-preview:-1\" \/>\n<link rel=\"canonical\" href=\"https:\/\/ultragreenpackaging.com\/es\/producto\/24-oz-treesaver-oval\/\" \/>\n<meta property=\"og:locale\" content=\"es_ES\" \/>\n<meta property=\"og:type\" content=\"article\" \/>\n<meta property=\"og:title\" content=\"24 oz TreeSaver\u2122 Oval Bowls - UltraGreen Sustainable Packaging &amp; Products\" \/>\n<meta property=\"og:description\" content=\"TreeSaver\u2122 bowls are great for pasta, soups &amp; salads. They&#039;re sturdy, compost in 60-90 days, and are priced similarly to non-renewable containers.\" \/>\n<meta property=\"og:url\" content=\"https:\/\/ultragreenpackaging.com\/es\/producto\/24-oz-treesaver-oval\/\" \/>\n<meta property=\"og:site_name\" content=\"UltraGreen Sustainable Packaging &amp; Products\" \/>\n<meta property=\"article:modified_time\" content=\"2026-03-21T21:57:49+00:00\" \/>\n<meta property=\"og:image\" content=\"https:\/\/ultragreenpackaging.com\/wp-content\/uploads\/2015\/03\/TS_OvalBowl_lam.jpg\" \/>\n\t<meta property=\"og:image:width\" content=\"600\" \/>\n\t<meta property=\"og:image:height\" content=\"365\" \/>\n\t<meta property=\"og:image:type\" content=\"image\/jpeg\" \/>\n<meta name=\"twitter:label1\" content=\"Tiempo de lectura\" \/>\n\t<meta name=\"twitter:data1\" content=\"1 minuto\" \/>\n<script type=\"application\/ld+json\" class=\"yoast-schema-graph\">{\"@context\":\"https:\/\/schema.org\",\"@graph\":[{\"@type\":\"WebPage\",\"@id\":\"https:\/\/ultragreenpackaging.com\/product\/24-oz-treesaver-oval\/\",\"url\":\"https:\/\/ultragreenpackaging.com\/product\/24-oz-treesaver-oval\/\",\"name\":\"24 oz TreeSaver\u2122 Oval Bowls - UltraGreen Sustainable Packaging &amp; Products\",\"isPartOf\":{\"@id\":\"https:\/\/ultragreenpackaging.com\/#website\"},\"primaryImageOfPage\":{\"@id\":\"https:\/\/ultragreenpackaging.com\/product\/24-oz-treesaver-oval\/#primaryimage\"},\"image\":{\"@id\":\"https:\/\/ultragreenpackaging.com\/product\/24-oz-treesaver-oval\/#primaryimage\"},\"thumbnailUrl\":\"https:\/\/i0.wp.com\/ultragreenpackaging.com\/wp-content\/uploads\/2015\/03\/TS_OvalBowl_lam.jpg?fit=600%2C365&ssl=1\",\"datePublished\":\"2020-02-16T23:55:20+00:00\",\"dateModified\":\"2026-03-21T21:57:49+00:00\",\"description\":\"TreeSaver\u2122 bowls are great for pasta, soups & salads. They're sturdy, compost in 60-90 days, and are priced similarly to non-renewable containers.\",\"breadcrumb\":{\"@id\":\"https:\/\/ultragreenpackaging.com\/product\/24-oz-treesaver-oval\/#breadcrumb\"},\"inLanguage\":\"es\",\"potentialAction\":[{\"@type\":\"ReadAction\",\"target\":[\"https:\/\/ultragreenpackaging.com\/product\/24-oz-treesaver-oval\/\"]}]},{\"@type\":\"ImageObject\",\"inLanguage\":\"es\",\"@id\":\"https:\/\/ultragreenpackaging.com\/product\/24-oz-treesaver-oval\/#primaryimage\",\"url\":\"https:\/\/i0.wp.com\/ultragreenpackaging.com\/wp-content\/uploads\/2015\/03\/TS_OvalBowl_lam.jpg?fit=600%2C365&ssl=1\",\"contentUrl\":\"https:\/\/i0.wp.com\/ultragreenpackaging.com\/wp-content\/uploads\/2015\/03\/TS_OvalBowl_lam.jpg?fit=600%2C365&ssl=1\",\"width\":600,\"height\":365},{\"@type\":\"BreadcrumbList\",\"@id\":\"https:\/\/ultragreenpackaging.com\/product\/24-oz-treesaver-oval\/#breadcrumb\",\"itemListElement\":[{\"@type\":\"ListItem\",\"position\":1,\"name\":\"Home\",\"item\":\"https:\/\/ultragreenpackaging.com\/\"},{\"@type\":\"ListItem\",\"position\":2,\"name\":\"Shop\",\"item\":\"https:\/\/ultragreenpackaging.com\/shop\/\"},{\"@type\":\"ListItem\",\"position\":3,\"name\":\"24 oz TreeSaver\u2122 Oval Bowls\"}]},{\"@type\":\"WebSite\",\"@id\":\"https:\/\/ultragreenpackaging.com\/#website\",\"url\":\"https:\/\/ultragreenpackaging.com\/\",\"name\":\"UltraGreen Sustainable Packaging &amp; Products\",\"description\":\"\",\"potentialAction\":[{\"@type\":\"SearchAction\",\"target\":{\"@type\":\"EntryPoint\",\"urlTemplate\":\"https:\/\/ultragreenpackaging.com\/?s={search_term_string}\"},\"query-input\":{\"@type\":\"PropertyValueSpecification\",\"valueRequired\":true,\"valueName\":\"search_term_string\"}}],\"inLanguage\":\"es\"}]}<\/script>\n<!-- \/ Yoast SEO plugin. -->","yoast_head_json":{"title":"24 oz TreeSaver\u2122 Oval Bowls - UltraGreen Sustainable Packaging &amp; Products","description":"TreeSaver\u2122 bowls are great for pasta, soups & salads. They're sturdy, compost in 60-90 days, and are priced similarly to non-renewable containers.","robots":{"index":"index","follow":"follow","max-snippet":"max-snippet:-1","max-image-preview":"max-image-preview:large","max-video-preview":"max-video-preview:-1"},"canonical":"https:\/\/ultragreenpackaging.com\/es\/producto\/24-oz-treesaver-oval\/","og_locale":"es_ES","og_type":"article","og_title":"24 oz TreeSaver\u2122 Oval Bowls - UltraGreen Sustainable Packaging &amp; Products","og_description":"TreeSaver\u2122 bowls are great for pasta, soups & salads. They're sturdy, compost in 60-90 days, and are priced similarly to non-renewable containers.","og_url":"https:\/\/ultragreenpackaging.com\/es\/producto\/24-oz-treesaver-oval\/","og_site_name":"UltraGreen Sustainable Packaging &amp; Products","article_modified_time":"2026-03-21T21:57:49+00:00","og_image":[{"width":600,"height":365,"url":"https:\/\/ultragreenpackaging.com\/wp-content\/uploads\/2015\/03\/TS_OvalBowl_lam.jpg","type":"image\/jpeg"}],"twitter_misc":{"Tiempo de lectura":"1 minuto"},"schema":{"@context":"https:\/\/schema.org","@graph":[{"@type":"WebPage","@id":"https:\/\/ultragreenpackaging.com\/product\/24-oz-treesaver-oval\/","url":"https:\/\/ultragreenpackaging.com\/product\/24-oz-treesaver-oval\/","name":"24 oz TreeSaver\u2122 Oval Bowls - UltraGreen Sustainable Packaging &amp; Products","isPartOf":{"@id":"https:\/\/ultragreenpackaging.com\/#website"},"primaryImageOfPage":{"@id":"https:\/\/ultragreenpackaging.com\/product\/24-oz-treesaver-oval\/#primaryimage"},"image":{"@id":"https:\/\/ultragreenpackaging.com\/product\/24-oz-treesaver-oval\/#primaryimage"},"thumbnailUrl":"https:\/\/i0.wp.com\/ultragreenpackaging.com\/wp-content\/uploads\/2015\/03\/TS_OvalBowl_lam.jpg?fit=600%2C365&ssl=1","datePublished":"2020-02-16T23:55:20+00:00","dateModified":"2026-03-21T21:57:49+00:00","description":"TreeSaver\u2122 bowls are great for pasta, soups & salads. They're sturdy, compost in 60-90 days, and are priced similarly to non-renewable containers.","breadcrumb":{"@id":"https:\/\/ultragreenpackaging.com\/product\/24-oz-treesaver-oval\/#breadcrumb"},"inLanguage":"es","potentialAction":[{"@type":"ReadAction","target":["https:\/\/ultragreenpackaging.com\/product\/24-oz-treesaver-oval\/"]}]},{"@type":"ImageObject","inLanguage":"es","@id":"https:\/\/ultragreenpackaging.com\/product\/24-oz-treesaver-oval\/#primaryimage","url":"https:\/\/i0.wp.com\/ultragreenpackaging.com\/wp-content\/uploads\/2015\/03\/TS_OvalBowl_lam.jpg?fit=600%2C365&ssl=1","contentUrl":"https:\/\/i0.wp.com\/ultragreenpackaging.com\/wp-content\/uploads\/2015\/03\/TS_OvalBowl_lam.jpg?fit=600%2C365&ssl=1","width":600,"height":365},{"@type":"BreadcrumbList","@id":"https:\/\/ultragreenpackaging.com\/product\/24-oz-treesaver-oval\/#breadcrumb","itemListElement":[{"@type":"ListItem","position":1,"name":"Home","item":"https:\/\/ultragreenpackaging.com\/"},{"@type":"ListItem","position":2,"name":"Shop","item":"https:\/\/ultragreenpackaging.com\/shop\/"},{"@type":"ListItem","position":3,"name":"24 oz TreeSaver\u2122 Oval Bowls"}]},{"@type":"WebSite","@id":"https:\/\/ultragreenpackaging.com\/#website","url":"https:\/\/ultragreenpackaging.com\/","name":"UltraGreen Sustainable Packaging &amp; Products","description":"","potentialAction":[{"@type":"SearchAction","target":{"@type":"EntryPoint","urlTemplate":"https:\/\/ultragreenpackaging.com\/?s={search_term_string}"},"query-input":{"@type":"PropertyValueSpecification","valueRequired":true,"valueName":"search_term_string"}}],"inLanguage":"es"}]}},"jetpack_sharing_enabled":true,"_links":{"self":[{"href":"https:\/\/ultragreenpackaging.com\/es\/wp-json\/wp\/v2\/product\/1903","targetHints":{"allow":["GET"]}}],"collection":[{"href":"https:\/\/ultragreenpackaging.com\/es\/wp-json\/wp\/v2\/product"}],"about":[{"href":"https:\/\/ultragreenpackaging.com\/es\/wp-json\/wp\/v2\/types\/product"}],"replies":[{"embeddable":true,"href":"https:\/\/ultragreenpackaging.com\/es\/wp-json\/wp\/v2\/comments?post=1903"}],"wp:featuredmedia":[{"embeddable":true,"href":"https:\/\/ultragreenpackaging.com\/es\/wp-json\/wp\/v2\/media\/857"}],"wp:attachment":[{"href":"https:\/\/ultragreenpackaging.com\/es\/wp-json\/wp\/v2\/media?parent=1903"}],"wp:term":[{"taxonomy":"product_brand","embeddable":true,"href":"https:\/\/ultragreenpackaging.com\/es\/wp-json\/wp\/v2\/product_brand?post=1903"},{"taxonomy":"product_cat","embeddable":true,"href":"https:\/\/ultragreenpackaging.com\/es\/wp-json\/wp\/v2\/product_cat?post=1903"},{"taxonomy":"product_tag","embeddable":true,"href":"https:\/\/ultragreenpackaging.com\/es\/wp-json\/wp\/v2\/product_tag?post=1903"}],"curies":[{"name":"wp","href":"https:\/\/api.w.org\/{rel}","templated":true}]}}