{"id":1875,"date":"2020-02-16T23:55:13","date_gmt":"2020-02-16T23:55:13","guid":{"rendered":"https:\/\/ultragreenpackaging.com\/product\/import-placeholder-for-1011\/"},"modified":"2026-03-21T16:57:46","modified_gmt":"2026-03-21T21:57:46","slug":"16-treesaver-pizza-pan-box-low-profile","status":"publish","type":"product","link":"https:\/\/ultragreenpackaging.com\/es\/producto\/16-treesaver-pizza-pan-box-low-profile\/","title":{"rendered":"16&#8243; TreeSaver Pizza Pan &#8211; Low Profile"},"content":{"rendered":"<p>Cantidad: 100 por caja.<\/p>\n<p>Nuestro molde de pizza de perfil bajo tiene todas las caracter\u00edsticas de nuestra caja de pizza est\u00e1ndar, pero est\u00e1 dise\u00f1ado espec\u00edficamente para cortezas m\u00e1s finas. Sigue siendo perfecto para take 'n bake, delivery y comida para llevar.<\/p>\n<ul>\n<li>El dise\u00f1o patentado de hoyuelos Crispy Crust\u2122 mantiene la pizza m\u00e1s fresca, durante m\u00e1s tiempo.<\/li>\n<li>La forma redonda ocupa menos espacio, perfecta para servir<\/li>\n<li>Apto para horno hasta 218\u02daC<\/li>\n<li>Perfecto para llevar y hornear: \u00a1hornee directamente en el molde!<\/li>\n<li>Disponible con tapas transparentes de PET reciclado.<\/li>\n<\/ul>","protected":false},"excerpt":{"rendered":"<p>TreeSaver\u2122 Pizza Pan &#8211; Low Profile<\/p>","protected":false},"featured_media":833,"comment_status":"closed","ping_status":"closed","template":"","meta":{"_et_pb_use_builder":"","_et_pb_old_content":"","_et_gb_content_width":""},"product_brand":[],"product_cat":[74],"product_tag":[75],"class_list":{"0":"post-1875","1":"product","2":"type-product","3":"status-publish","4":"has-post-thumbnail","6":"product_cat-pizza-trays-and-lids","7":"product_tag-pizza-pans","9":"first","10":"instock","11":"shipping-taxable","12":"purchasable","13":"product-type-simple"},"yoast_head":"<!-- This site is optimized with the Yoast SEO plugin v27.4 - https:\/\/yoast.com\/product\/yoast-seo-wordpress\/ -->\n<title>16&quot; TreeSaver Pizza Pan - Low Profile - UltraGreen Sustainable Packaging &amp; Products<\/title>\n<meta name=\"description\" content=\"Our Low Profile pizza pan is made of compostable materials and can be baked at up to 425\u00b0. Perfect for take \u2018n bake, delivery and deli takeout!\" \/>\n<meta name=\"robots\" content=\"index, follow, max-snippet:-1, max-image-preview:large, max-video-preview:-1\" \/>\n<link rel=\"canonical\" href=\"https:\/\/ultragreenpackaging.com\/es\/producto\/16-treesaver-pizza-pan-box-low-profile\/\" \/>\n<meta property=\"og:locale\" content=\"es_ES\" \/>\n<meta property=\"og:type\" content=\"article\" \/>\n<meta property=\"og:title\" content=\"16&quot; TreeSaver Pizza Pan - Low Profile - UltraGreen Sustainable Packaging &amp; Products\" \/>\n<meta property=\"og:description\" content=\"Our Low Profile pizza pan is made of compostable materials and can be baked at up to 425\u00b0. Perfect for take \u2018n bake, delivery and deli takeout!\" \/>\n<meta property=\"og:url\" content=\"https:\/\/ultragreenpackaging.com\/es\/producto\/16-treesaver-pizza-pan-box-low-profile\/\" \/>\n<meta property=\"og:site_name\" content=\"UltraGreen Sustainable Packaging &amp; Products\" \/>\n<meta property=\"article:modified_time\" content=\"2026-03-21T21:57:46+00:00\" \/>\n<meta property=\"og:image\" content=\"https:\/\/ultragreenpackaging.com\/wp-content\/uploads\/2015\/03\/TS_PPB_L14.jpg\" \/>\n\t<meta property=\"og:image:width\" content=\"600\" \/>\n\t<meta property=\"og:image:height\" content=\"299\" \/>\n\t<meta property=\"og:image:type\" content=\"image\/jpeg\" \/>\n<script type=\"application\/ld+json\" class=\"yoast-schema-graph\">{\"@context\":\"https:\\\/\\\/schema.org\",\"@graph\":[{\"@type\":\"WebPage\",\"@id\":\"https:\\\/\\\/ultragreenpackaging.com\\\/product\\\/16-treesaver-pizza-pan-box-low-profile\\\/\",\"url\":\"https:\\\/\\\/ultragreenpackaging.com\\\/product\\\/16-treesaver-pizza-pan-box-low-profile\\\/\",\"name\":\"16\\\" TreeSaver Pizza Pan - Low Profile - UltraGreen Sustainable Packaging &amp; Products\",\"isPartOf\":{\"@id\":\"https:\\\/\\\/ultragreenpackaging.com\\\/#website\"},\"primaryImageOfPage\":{\"@id\":\"https:\\\/\\\/ultragreenpackaging.com\\\/product\\\/16-treesaver-pizza-pan-box-low-profile\\\/#primaryimage\"},\"image\":{\"@id\":\"https:\\\/\\\/ultragreenpackaging.com\\\/product\\\/16-treesaver-pizza-pan-box-low-profile\\\/#primaryimage\"},\"thumbnailUrl\":\"https:\\\/\\\/ultragreenpackaging.com\\\/wp-content\\\/uploads\\\/2015\\\/03\\\/TS_PPB_L14.jpg\",\"datePublished\":\"2020-02-16T23:55:13+00:00\",\"dateModified\":\"2026-03-21T21:57:46+00:00\",\"description\":\"Our Low Profile pizza pan is made of compostable materials and can be baked at up to 425\u00b0. Perfect for take \u2018n bake, delivery and deli takeout!\",\"breadcrumb\":{\"@id\":\"https:\\\/\\\/ultragreenpackaging.com\\\/product\\\/16-treesaver-pizza-pan-box-low-profile\\\/#breadcrumb\"},\"inLanguage\":\"es\",\"potentialAction\":[{\"@type\":\"ReadAction\",\"target\":[\"https:\\\/\\\/ultragreenpackaging.com\\\/product\\\/16-treesaver-pizza-pan-box-low-profile\\\/\"]}]},{\"@type\":\"ImageObject\",\"inLanguage\":\"es\",\"@id\":\"https:\\\/\\\/ultragreenpackaging.com\\\/product\\\/16-treesaver-pizza-pan-box-low-profile\\\/#primaryimage\",\"url\":\"https:\\\/\\\/ultragreenpackaging.com\\\/wp-content\\\/uploads\\\/2015\\\/03\\\/TS_PPB_L14.jpg\",\"contentUrl\":\"https:\\\/\\\/ultragreenpackaging.com\\\/wp-content\\\/uploads\\\/2015\\\/03\\\/TS_PPB_L14.jpg\",\"width\":600,\"height\":299},{\"@type\":\"BreadcrumbList\",\"@id\":\"https:\\\/\\\/ultragreenpackaging.com\\\/product\\\/16-treesaver-pizza-pan-box-low-profile\\\/#breadcrumb\",\"itemListElement\":[{\"@type\":\"ListItem\",\"position\":1,\"name\":\"Home\",\"item\":\"https:\\\/\\\/ultragreenpackaging.com\\\/\"},{\"@type\":\"ListItem\",\"position\":2,\"name\":\"Shop\",\"item\":\"https:\\\/\\\/ultragreenpackaging.com\\\/shop\\\/\"},{\"@type\":\"ListItem\",\"position\":3,\"name\":\"16&#8243; TreeSaver Pizza Pan &#8211; Low Profile\"}]},{\"@type\":\"WebSite\",\"@id\":\"https:\\\/\\\/ultragreenpackaging.com\\\/#website\",\"url\":\"https:\\\/\\\/ultragreenpackaging.com\\\/\",\"name\":\"UltraGreen Sustainable Packaging &amp; Products\",\"description\":\"Premier manufacturer of sustainable, earth-friendly food packaging\",\"potentialAction\":[{\"@type\":\"SearchAction\",\"target\":{\"@type\":\"EntryPoint\",\"urlTemplate\":\"https:\\\/\\\/ultragreenpackaging.com\\\/?s={search_term_string}\"},\"query-input\":{\"@type\":\"PropertyValueSpecification\",\"valueRequired\":true,\"valueName\":\"search_term_string\"}}],\"inLanguage\":\"es\"}]}<\/script>\n<!-- \/ Yoast SEO plugin. -->","yoast_head_json":{"title":"16\" TreeSaver Pizza Pan - Low Profile - UltraGreen Sustainable Packaging &amp; Products","description":"Our Low Profile pizza pan is made of compostable materials and can be baked at up to 425\u00b0. Perfect for take \u2018n bake, delivery and deli takeout!","robots":{"index":"index","follow":"follow","max-snippet":"max-snippet:-1","max-image-preview":"max-image-preview:large","max-video-preview":"max-video-preview:-1"},"canonical":"https:\/\/ultragreenpackaging.com\/es\/producto\/16-treesaver-pizza-pan-box-low-profile\/","og_locale":"es_ES","og_type":"article","og_title":"16\" TreeSaver Pizza Pan - Low Profile - UltraGreen Sustainable Packaging &amp; Products","og_description":"Our Low Profile pizza pan is made of compostable materials and can be baked at up to 425\u00b0. Perfect for take \u2018n bake, delivery and deli takeout!","og_url":"https:\/\/ultragreenpackaging.com\/es\/producto\/16-treesaver-pizza-pan-box-low-profile\/","og_site_name":"UltraGreen Sustainable Packaging &amp; Products","article_modified_time":"2026-03-21T21:57:46+00:00","og_image":[{"width":600,"height":299,"url":"https:\/\/ultragreenpackaging.com\/wp-content\/uploads\/2015\/03\/TS_PPB_L14.jpg","type":"image\/jpeg"}],"schema":{"@context":"https:\/\/schema.org","@graph":[{"@type":"WebPage","@id":"https:\/\/ultragreenpackaging.com\/product\/16-treesaver-pizza-pan-box-low-profile\/","url":"https:\/\/ultragreenpackaging.com\/product\/16-treesaver-pizza-pan-box-low-profile\/","name":"16\" TreeSaver Pizza Pan - Low Profile - UltraGreen Sustainable Packaging &amp; Products","isPartOf":{"@id":"https:\/\/ultragreenpackaging.com\/#website"},"primaryImageOfPage":{"@id":"https:\/\/ultragreenpackaging.com\/product\/16-treesaver-pizza-pan-box-low-profile\/#primaryimage"},"image":{"@id":"https:\/\/ultragreenpackaging.com\/product\/16-treesaver-pizza-pan-box-low-profile\/#primaryimage"},"thumbnailUrl":"https:\/\/ultragreenpackaging.com\/wp-content\/uploads\/2015\/03\/TS_PPB_L14.jpg","datePublished":"2020-02-16T23:55:13+00:00","dateModified":"2026-03-21T21:57:46+00:00","description":"Our Low Profile pizza pan is made of compostable materials and can be baked at up to 425\u00b0. Perfect for take \u2018n bake, delivery and deli takeout!","breadcrumb":{"@id":"https:\/\/ultragreenpackaging.com\/product\/16-treesaver-pizza-pan-box-low-profile\/#breadcrumb"},"inLanguage":"es","potentialAction":[{"@type":"ReadAction","target":["https:\/\/ultragreenpackaging.com\/product\/16-treesaver-pizza-pan-box-low-profile\/"]}]},{"@type":"ImageObject","inLanguage":"es","@id":"https:\/\/ultragreenpackaging.com\/product\/16-treesaver-pizza-pan-box-low-profile\/#primaryimage","url":"https:\/\/ultragreenpackaging.com\/wp-content\/uploads\/2015\/03\/TS_PPB_L14.jpg","contentUrl":"https:\/\/ultragreenpackaging.com\/wp-content\/uploads\/2015\/03\/TS_PPB_L14.jpg","width":600,"height":299},{"@type":"BreadcrumbList","@id":"https:\/\/ultragreenpackaging.com\/product\/16-treesaver-pizza-pan-box-low-profile\/#breadcrumb","itemListElement":[{"@type":"ListItem","position":1,"name":"Home","item":"https:\/\/ultragreenpackaging.com\/"},{"@type":"ListItem","position":2,"name":"Shop","item":"https:\/\/ultragreenpackaging.com\/shop\/"},{"@type":"ListItem","position":3,"name":"16&#8243; TreeSaver Pizza Pan &#8211; Low Profile"}]},{"@type":"WebSite","@id":"https:\/\/ultragreenpackaging.com\/#website","url":"https:\/\/ultragreenpackaging.com\/","name":"UltraGreen Sustainable Packaging &amp; Products","description":"Premier manufacturer of sustainable, earth-friendly food packaging","potentialAction":[{"@type":"SearchAction","target":{"@type":"EntryPoint","urlTemplate":"https:\/\/ultragreenpackaging.com\/?s={search_term_string}"},"query-input":{"@type":"PropertyValueSpecification","valueRequired":true,"valueName":"search_term_string"}}],"inLanguage":"es"}]}},"_links":{"self":[{"href":"https:\/\/ultragreenpackaging.com\/es\/wp-json\/wp\/v2\/product\/1875","targetHints":{"allow":["GET"]}}],"collection":[{"href":"https:\/\/ultragreenpackaging.com\/es\/wp-json\/wp\/v2\/product"}],"about":[{"href":"https:\/\/ultragreenpackaging.com\/es\/wp-json\/wp\/v2\/types\/product"}],"replies":[{"embeddable":true,"href":"https:\/\/ultragreenpackaging.com\/es\/wp-json\/wp\/v2\/comments?post=1875"}],"wp:featuredmedia":[{"embeddable":true,"href":"https:\/\/ultragreenpackaging.com\/es\/wp-json\/wp\/v2\/media\/833"}],"wp:attachment":[{"href":"https:\/\/ultragreenpackaging.com\/es\/wp-json\/wp\/v2\/media?parent=1875"}],"wp:term":[{"taxonomy":"product_brand","embeddable":true,"href":"https:\/\/ultragreenpackaging.com\/es\/wp-json\/wp\/v2\/product_brand?post=1875"},{"taxonomy":"product_cat","embeddable":true,"href":"https:\/\/ultragreenpackaging.com\/es\/wp-json\/wp\/v2\/product_cat?post=1875"},{"taxonomy":"product_tag","embeddable":true,"href":"https:\/\/ultragreenpackaging.com\/es\/wp-json\/wp\/v2\/product_tag?post=1875"}],"curies":[{"name":"wp","href":"https:\/\/api.w.org\/{rel}","templated":true}]}}