{"id":1869,"date":"2020-02-16T23:55:13","date_gmt":"2020-02-16T23:55:13","guid":{"rendered":"https:\/\/ultragreenpackaging.com\/product\/import-placeholder-for-1005\/"},"modified":"2026-03-21T16:57:45","modified_gmt":"2026-03-21T21:57:45","slug":"14-treesaver-pizza-pan-box-deep","status":"publish","type":"product","link":"https:\/\/ultragreenpackaging.com\/es\/producto\/14-treesaver-pizza-pan-box-deep\/","title":{"rendered":"14&#8243;  TreeSaver\u2122 Pizza Pan &#8211; Deep"},"content":{"rendered":"<p>Cantidad: 100 por caja.<\/p>\n<p>Presentamos la primera caja de pizza redonda del mundo en la que se puede hornear. La caja para pizza TreeSaver es perfecta para llevar y hornear, entregar a domicilio, comida para llevar e incluso como bandeja para servir, y es algo que llamar\u00e1 la atenci\u00f3n de los clientes y les encantar\u00e1. Diferencie al instante su pizza de la competencia.<\/p>\n<ul>\n<li>El dise\u00f1o patentado Crispy Crust\u2122  con hoyuelos, mantiene la pizza m\u00e1s fresca durante m\u00e1s tiempo y proporciona un horneado m\u00e1s uniforme.<\/li>\n<li>La forma redonda ocupa menos espacio, perfecta para servir<\/li>\n<li>Apto para horno hasta 218\u02daC<\/li>\n<li>Perfecto para llevar y hornear: \u00a1hornee directamente en el molde!<\/li>\n<li>Disponible con tapas de fibra o de PET reciclado transparente<\/li>\n<\/ul>","protected":false},"excerpt":{"rendered":"<p>TreeSaver\u2122 Pizza Pan &#8211; Deep<\/p>","protected":false},"featured_media":834,"comment_status":"open","ping_status":"closed","template":"","meta":{"_et_pb_use_builder":"","_et_pb_old_content":"","_et_gb_content_width":""},"product_brand":[],"product_cat":[74],"product_tag":[75],"class_list":{"0":"post-1869","1":"product","2":"type-product","3":"status-publish","4":"has-post-thumbnail","6":"product_cat-pizza-trays-and-lids","7":"product_tag-pizza-pans","9":"first","10":"instock","11":"shipping-taxable","12":"purchasable","13":"product-type-simple"},"yoast_head":"<!-- This site is optimized with the Yoast SEO plugin v27.5 - https:\/\/yoast.com\/product\/yoast-seo-wordpress\/ -->\n<title>14&quot; TreeSaver\u2122 Pizza Pan - Deep - UltraGreen Sustainable Packaging &amp; Products<\/title>\n<meta name=\"description\" content=\"Introducing the world\u2019s first round compostable pizza box you can actually bake in! Instantly set your pizza apart from the competition with UltraGreen Packaging.\" \/>\n<meta name=\"robots\" content=\"index, follow, max-snippet:-1, max-image-preview:large, max-video-preview:-1\" \/>\n<link rel=\"canonical\" href=\"https:\/\/ultragreenpackaging.com\/es\/producto\/14-treesaver-pizza-pan-box-deep\/\" \/>\n<meta property=\"og:locale\" content=\"es_ES\" \/>\n<meta property=\"og:type\" content=\"article\" \/>\n<meta property=\"og:title\" content=\"14&quot; TreeSaver\u2122 Pizza Pan - Deep - UltraGreen Sustainable Packaging &amp; Products\" \/>\n<meta property=\"og:description\" content=\"Introducing the world\u2019s first round compostable pizza box you can actually bake in! Instantly set your pizza apart from the competition with UltraGreen Packaging.\" \/>\n<meta property=\"og:url\" content=\"https:\/\/ultragreenpackaging.com\/es\/producto\/14-treesaver-pizza-pan-box-deep\/\" \/>\n<meta property=\"og:site_name\" content=\"UltraGreen Sustainable Packaging &amp; Products\" \/>\n<meta property=\"article:modified_time\" content=\"2026-03-21T21:57:45+00:00\" \/>\n<meta property=\"og:image\" content=\"https:\/\/ultragreenpackaging.com\/wp-content\/uploads\/2015\/03\/TS_PPB_D14.jpg\" \/>\n\t<meta property=\"og:image:width\" content=\"600\" \/>\n\t<meta property=\"og:image:height\" content=\"311\" \/>\n\t<meta property=\"og:image:type\" content=\"image\/jpeg\" \/>\n<meta name=\"twitter:label1\" content=\"Tiempo de lectura\" \/>\n\t<meta name=\"twitter:data1\" content=\"1 minuto\" \/>\n<script type=\"application\/ld+json\" class=\"yoast-schema-graph\">{\"@context\":\"https:\\\/\\\/schema.org\",\"@graph\":[{\"@type\":\"WebPage\",\"@id\":\"https:\\\/\\\/ultragreenpackaging.com\\\/product\\\/14-treesaver-pizza-pan-box-deep\\\/\",\"url\":\"https:\\\/\\\/ultragreenpackaging.com\\\/product\\\/14-treesaver-pizza-pan-box-deep\\\/\",\"name\":\"14\\\" TreeSaver\u2122 Pizza Pan - Deep - UltraGreen Sustainable Packaging &amp; Products\",\"isPartOf\":{\"@id\":\"https:\\\/\\\/ultragreenpackaging.com\\\/#website\"},\"primaryImageOfPage\":{\"@id\":\"https:\\\/\\\/ultragreenpackaging.com\\\/product\\\/14-treesaver-pizza-pan-box-deep\\\/#primaryimage\"},\"image\":{\"@id\":\"https:\\\/\\\/ultragreenpackaging.com\\\/product\\\/14-treesaver-pizza-pan-box-deep\\\/#primaryimage\"},\"thumbnailUrl\":\"https:\\\/\\\/ultragreenpackaging.com\\\/wp-content\\\/uploads\\\/2015\\\/03\\\/TS_PPB_D14.jpg\",\"datePublished\":\"2020-02-16T23:55:13+00:00\",\"dateModified\":\"2026-03-21T21:57:45+00:00\",\"description\":\"Introducing the world\u2019s first round compostable pizza box you can actually bake in! Instantly set your pizza apart from the competition with UltraGreen Packaging.\",\"breadcrumb\":{\"@id\":\"https:\\\/\\\/ultragreenpackaging.com\\\/product\\\/14-treesaver-pizza-pan-box-deep\\\/#breadcrumb\"},\"inLanguage\":\"es\",\"potentialAction\":[{\"@type\":\"ReadAction\",\"target\":[\"https:\\\/\\\/ultragreenpackaging.com\\\/product\\\/14-treesaver-pizza-pan-box-deep\\\/\"]}]},{\"@type\":\"ImageObject\",\"inLanguage\":\"es\",\"@id\":\"https:\\\/\\\/ultragreenpackaging.com\\\/product\\\/14-treesaver-pizza-pan-box-deep\\\/#primaryimage\",\"url\":\"https:\\\/\\\/ultragreenpackaging.com\\\/wp-content\\\/uploads\\\/2015\\\/03\\\/TS_PPB_D14.jpg\",\"contentUrl\":\"https:\\\/\\\/ultragreenpackaging.com\\\/wp-content\\\/uploads\\\/2015\\\/03\\\/TS_PPB_D14.jpg\",\"width\":600,\"height\":311},{\"@type\":\"BreadcrumbList\",\"@id\":\"https:\\\/\\\/ultragreenpackaging.com\\\/product\\\/14-treesaver-pizza-pan-box-deep\\\/#breadcrumb\",\"itemListElement\":[{\"@type\":\"ListItem\",\"position\":1,\"name\":\"Home\",\"item\":\"https:\\\/\\\/ultragreenpackaging.com\\\/\"},{\"@type\":\"ListItem\",\"position\":2,\"name\":\"Shop\",\"item\":\"https:\\\/\\\/ultragreenpackaging.com\\\/shop\\\/\"},{\"@type\":\"ListItem\",\"position\":3,\"name\":\"14&#8243; TreeSaver\u2122 Pizza Pan &#8211; Deep\"}]},{\"@type\":\"WebSite\",\"@id\":\"https:\\\/\\\/ultragreenpackaging.com\\\/#website\",\"url\":\"https:\\\/\\\/ultragreenpackaging.com\\\/\",\"name\":\"UltraGreen Sustainable Packaging &amp; Products\",\"description\":\"Premier manufacturer of sustainable, earth-friendly food packaging\",\"potentialAction\":[{\"@type\":\"SearchAction\",\"target\":{\"@type\":\"EntryPoint\",\"urlTemplate\":\"https:\\\/\\\/ultragreenpackaging.com\\\/?s={search_term_string}\"},\"query-input\":{\"@type\":\"PropertyValueSpecification\",\"valueRequired\":true,\"valueName\":\"search_term_string\"}}],\"inLanguage\":\"es\"}]}<\/script>\n<!-- \/ Yoast SEO plugin. -->","yoast_head_json":{"title":"14\" TreeSaver\u2122 Pizza Pan - Deep - UltraGreen Sustainable Packaging &amp; Products","description":"Introducing the world\u2019s first round compostable pizza box you can actually bake in! Instantly set your pizza apart from the competition with UltraGreen Packaging.","robots":{"index":"index","follow":"follow","max-snippet":"max-snippet:-1","max-image-preview":"max-image-preview:large","max-video-preview":"max-video-preview:-1"},"canonical":"https:\/\/ultragreenpackaging.com\/es\/producto\/14-treesaver-pizza-pan-box-deep\/","og_locale":"es_ES","og_type":"article","og_title":"14\" TreeSaver\u2122 Pizza Pan - Deep - UltraGreen Sustainable Packaging &amp; Products","og_description":"Introducing the world\u2019s first round compostable pizza box you can actually bake in! Instantly set your pizza apart from the competition with UltraGreen Packaging.","og_url":"https:\/\/ultragreenpackaging.com\/es\/producto\/14-treesaver-pizza-pan-box-deep\/","og_site_name":"UltraGreen Sustainable Packaging &amp; Products","article_modified_time":"2026-03-21T21:57:45+00:00","og_image":[{"width":600,"height":311,"url":"https:\/\/ultragreenpackaging.com\/wp-content\/uploads\/2015\/03\/TS_PPB_D14.jpg","type":"image\/jpeg"}],"twitter_misc":{"Tiempo de lectura":"1 minuto"},"schema":{"@context":"https:\/\/schema.org","@graph":[{"@type":"WebPage","@id":"https:\/\/ultragreenpackaging.com\/product\/14-treesaver-pizza-pan-box-deep\/","url":"https:\/\/ultragreenpackaging.com\/product\/14-treesaver-pizza-pan-box-deep\/","name":"14\" TreeSaver\u2122 Pizza Pan - Deep - UltraGreen Sustainable Packaging &amp; Products","isPartOf":{"@id":"https:\/\/ultragreenpackaging.com\/#website"},"primaryImageOfPage":{"@id":"https:\/\/ultragreenpackaging.com\/product\/14-treesaver-pizza-pan-box-deep\/#primaryimage"},"image":{"@id":"https:\/\/ultragreenpackaging.com\/product\/14-treesaver-pizza-pan-box-deep\/#primaryimage"},"thumbnailUrl":"https:\/\/ultragreenpackaging.com\/wp-content\/uploads\/2015\/03\/TS_PPB_D14.jpg","datePublished":"2020-02-16T23:55:13+00:00","dateModified":"2026-03-21T21:57:45+00:00","description":"Introducing the world\u2019s first round compostable pizza box you can actually bake in! Instantly set your pizza apart from the competition with UltraGreen Packaging.","breadcrumb":{"@id":"https:\/\/ultragreenpackaging.com\/product\/14-treesaver-pizza-pan-box-deep\/#breadcrumb"},"inLanguage":"es","potentialAction":[{"@type":"ReadAction","target":["https:\/\/ultragreenpackaging.com\/product\/14-treesaver-pizza-pan-box-deep\/"]}]},{"@type":"ImageObject","inLanguage":"es","@id":"https:\/\/ultragreenpackaging.com\/product\/14-treesaver-pizza-pan-box-deep\/#primaryimage","url":"https:\/\/ultragreenpackaging.com\/wp-content\/uploads\/2015\/03\/TS_PPB_D14.jpg","contentUrl":"https:\/\/ultragreenpackaging.com\/wp-content\/uploads\/2015\/03\/TS_PPB_D14.jpg","width":600,"height":311},{"@type":"BreadcrumbList","@id":"https:\/\/ultragreenpackaging.com\/product\/14-treesaver-pizza-pan-box-deep\/#breadcrumb","itemListElement":[{"@type":"ListItem","position":1,"name":"Home","item":"https:\/\/ultragreenpackaging.com\/"},{"@type":"ListItem","position":2,"name":"Shop","item":"https:\/\/ultragreenpackaging.com\/shop\/"},{"@type":"ListItem","position":3,"name":"14&#8243; TreeSaver\u2122 Pizza Pan &#8211; Deep"}]},{"@type":"WebSite","@id":"https:\/\/ultragreenpackaging.com\/#website","url":"https:\/\/ultragreenpackaging.com\/","name":"UltraGreen Sustainable Packaging &amp; Products","description":"Premier manufacturer of sustainable, earth-friendly food packaging","potentialAction":[{"@type":"SearchAction","target":{"@type":"EntryPoint","urlTemplate":"https:\/\/ultragreenpackaging.com\/?s={search_term_string}"},"query-input":{"@type":"PropertyValueSpecification","valueRequired":true,"valueName":"search_term_string"}}],"inLanguage":"es"}]}},"_links":{"self":[{"href":"https:\/\/ultragreenpackaging.com\/es\/wp-json\/wp\/v2\/product\/1869","targetHints":{"allow":["GET"]}}],"collection":[{"href":"https:\/\/ultragreenpackaging.com\/es\/wp-json\/wp\/v2\/product"}],"about":[{"href":"https:\/\/ultragreenpackaging.com\/es\/wp-json\/wp\/v2\/types\/product"}],"replies":[{"embeddable":true,"href":"https:\/\/ultragreenpackaging.com\/es\/wp-json\/wp\/v2\/comments?post=1869"}],"wp:featuredmedia":[{"embeddable":true,"href":"https:\/\/ultragreenpackaging.com\/es\/wp-json\/wp\/v2\/media\/834"}],"wp:attachment":[{"href":"https:\/\/ultragreenpackaging.com\/es\/wp-json\/wp\/v2\/media?parent=1869"}],"wp:term":[{"taxonomy":"product_brand","embeddable":true,"href":"https:\/\/ultragreenpackaging.com\/es\/wp-json\/wp\/v2\/product_brand?post=1869"},{"taxonomy":"product_cat","embeddable":true,"href":"https:\/\/ultragreenpackaging.com\/es\/wp-json\/wp\/v2\/product_cat?post=1869"},{"taxonomy":"product_tag","embeddable":true,"href":"https:\/\/ultragreenpackaging.com\/es\/wp-json\/wp\/v2\/product_tag?post=1869"}],"curies":[{"name":"wp","href":"https:\/\/api.w.org\/{rel}","templated":true}]}}